
{"id":1344,"date":"2022-06-21T19:04:32","date_gmt":"2022-06-21T19:04:32","guid":{"rendered":"http:\/\/argentinaglobal.org.ar\/?page_id=1344"},"modified":"2023-01-19T20:35:38","modified_gmt":"2023-01-19T23:35:38","slug":"contenidos","status":"publish","type":"page","link":"https:\/\/argentinaglobal.org.ar\/eng\/contenidos\/","title":{"rendered":"Contenidos"},"content":{"rendered":"<div data-elementor-type=\"wp-page\" data-elementor-id=\"1344\" class=\"elementor elementor-1344\">\n\t\t\t\t\t\t\t\t\t<section class=\"elementor-section elementor-top-section elementor-element elementor-element-e828a07 elementor-section-boxed elementor-section-height-default elementor-section-height-default\" data-id=\"e828a07\" data-element_type=\"section\">\n\t\t\t\t\t\t<div class=\"elementor-container elementor-column-gap-default\">\n\t\t\t\t\t<div class=\"elementor-column elementor-col-100 elementor-top-column elementor-element elementor-element-6d279ca\" data-id=\"6d279ca\" data-element_type=\"column\">\n\t\t\t<div class=\"elementor-widget-wrap elementor-element-populated\">\n\t\t\t\t\t\t\t\t<div class=\"elementor-element elementor-element-97b76ad tpg-wrapper-align-center img_hover_animation_img_zoom_in meta-visibility-show title_position_default title_hover_border_default title-default meta_position_default tpg-category-position-default readmore-btn-default-style grid-hover-overlay-type-always tpg-el-box-border-enable tpg-border-bottom-disable elementor-widget elementor-widget-tpg-grid-layout\" data-id=\"97b76ad\" data-element_type=\"widget\" data-widget_type=\"tpg-grid-layout.default\">\n\t\t\t\t<div class=\"elementor-widget-container\">\n\t\t\t        <div class=\"rt-container-fluid rt-tpg-container tpg-el-main-wrapper clearfix grid-layout4-main\"\r\n             id=\"rt-tpg-container-692728642\"\r\n             data-layout=\"grid-layout4\"\r\n             data-grid-style=\"tpg-full-height\"\r\n             data-sc-id=\"elementor\"\r\n             data-el-settings=''\r\n             data-el-query=''\r\n             data-el-path=''\r\n        >\r\n\r\n\t\t\t<div class='tpg-header-wrapper'><\/div>\r\n            <div data-title=\"Loading ...\" class=\"rt-row rt-content-loader grid-layout4 grid-behaviour tpg-full-height grid_layout_wrapper\">\r\n\t\t\t\t\r\n<div class=\"rt-col-md-6 rt-col-sm-6 rt-col-xs-12 img_zoom_in rt-grid-item\" data-id=\"3140\">\r\n\t<div class=\"rt-holder tpg-post-holder\">\r\n\t\t<div class=\"rt-detail rt-el-content-wrapper\">\r\n\t\t\t\t\t\t\t<div class=\"rt-img-holder tpg-el-image-wrap has-thumbnail\">\r\n\t\t\t\t\t<a data-id=\"3140\" href=\"https:\/\/argentinaglobal.org.ar\/eng\/seminario-que-reforzo-la-necesidad-de-contar-con-una-estrategia-de-seguridad-nacional\/\" class=\"tpg-post-link\" target=\"_self\">                        <img fetchpriority=\"high\" decoding=\"async\" src=\"https:\/\/argentinaglobal.org.ar\/wp-content\/uploads\/2023\/04\/WhatsApp-Image-2023-04-05-at-18.21.08-800x400.jpeg\"\r\n                             class=\"rt-img-responsive\"\r\n                             width=\"800\"\r\n                             height=\"400\"\r\n                             alt=\"SEMINARIO QUE REFORZ\u00d3 LA NECESIDAD DE CONTAR CON UNA ESTRATEGIA DE SEGURIDAD NACIONAL\">\r\n\t\t\t\t\t\t\r\n\t\t\t\t\t\t\t\r\n\t\t<\/a>\r\n\t\t        <div class=\"overlay grid-hover-content\"><\/div>\r\n\t\t\t\t\t\t<\/div>\r\n\t\t\t\r\n\t\t\t<div class=\"entry-title-wrapper\">        <div class=\"tpg-separate-category style1 top_left cat-above-title\">\r\n\t\t\t<span class='categories-links'>\r\n\t\t\t\t\t\t<a class=\"destacados\" href=\"https:\/\/argentinaglobal.org.ar\/eng\/category\/destacados\/\">Featured<\/a>\t\t\t<\/span>\r\n        <\/div>\r\n\t\t<h3 class=\"entry-title\"><a data-id=\"3140\" href=\"https:\/\/argentinaglobal.org.ar\/eng\/seminario-que-reforzo-la-necesidad-de-contar-con-una-estrategia-de-seguridad-nacional\/\" class=\"tpg-post-link\" target=\"_self\">SEMINARIO QUE REFORZ\u00d3 LA NECESIDAD DE CONTAR CON UNA ESTRATEGIA DE SEGURIDAD NACIONAL<\/a><\/h3><\/div>\r\n\t\t\t\t\t\t\t<div class=\"post-meta-tags rt-el-post-meta\">\r\n\t\t\t\t\t            <span class='categories-links'>\r\n\t\t\t\t<i class='flaticon-folder'><\/i><a class=\"destacados\" href=\"https:\/\/argentinaglobal.org.ar\/eng\/category\/destacados\/\">Featured<\/a>\r\n\t\t\t<\/span>\r\n\t\t\t<span class='separator'>\/\/<\/span>\t\t\t\t<\/div>\r\n\t\t\t\r\n\t\t\t\r\n\t\t\t        <div class=\"post-footer\">\r\n            <div class=\"post-footer\">\r\n                <div class=\"read-more\">\r\n\t\t\t\t\t<a data-id=\"3140\" href=\"https:\/\/argentinaglobal.org.ar\/eng\/seminario-que-reforzo-la-necesidad-de-contar-con-una-estrategia-de-seguridad-nacional\/\" class=\"tpg-post-link\" target=\"_self\">Read More<\/a>                <\/div>\r\n            <\/div>\r\n        <\/div>\r\n\t\t\t\t<\/div>\r\n\t<\/div>\r\n<\/div>\r\n\r\n<div class=\"rt-col-md-6 rt-col-sm-6 rt-col-xs-12 img_zoom_in rt-grid-item\" data-id=\"2926\">\r\n\t<div class=\"rt-holder tpg-post-holder\">\r\n\t\t<div class=\"rt-detail rt-el-content-wrapper\">\r\n\t\t\t\t\t\t\t<div class=\"rt-img-holder tpg-el-image-wrap has-thumbnail\">\r\n\t\t\t\t\t<a data-id=\"2926\" href=\"https:\/\/argentinaglobal.org.ar\/eng\/taller-para-impulsar-una-estrategia-maritima-nacional-organizado-en-mar-del-plata-por-las-fundaciones-argentina-global-y-konrad-adenauer\/\" class=\"tpg-post-link\" target=\"_self\">                        <img decoding=\"async\" src=\"https:\/\/argentinaglobal.org.ar\/wp-content\/uploads\/2023\/01\/DESTACADO-2-1-1-800x400.jpg\"\r\n                             class=\"rt-img-responsive\"\r\n                             width=\"800\"\r\n                             height=\"400\"\r\n                             alt=\"TALLER PARA IMPULSAR UNA ESTRATEGIA MAR\u00cdTIMA NACIONAL ORGANIZADO EN MAR DEL PLATA POR LAS FUNDACIONES ARGENTINA GLOBAL Y KONRAD ADENAUER\">\r\n\t\t\t\t\t\t\r\n\t\t\t\t\t\t\t\r\n\t\t<\/a>\r\n\t\t        <div class=\"overlay grid-hover-content\"><\/div>\r\n\t\t\t\t\t\t<\/div>\r\n\t\t\t\r\n\t\t\t<div class=\"entry-title-wrapper\">        <div class=\"tpg-separate-category style1 top_left cat-above-title\">\r\n\t\t\t<span class='categories-links'>\r\n\t\t\t\t\t\t<a class=\"destacados\" href=\"https:\/\/argentinaglobal.org.ar\/eng\/category\/destacados\/\">Featured<\/a>\t\t\t<\/span>\r\n        <\/div>\r\n\t\t<h3 class=\"entry-title\"><a data-id=\"2926\" href=\"https:\/\/argentinaglobal.org.ar\/eng\/taller-para-impulsar-una-estrategia-maritima-nacional-organizado-en-mar-del-plata-por-las-fundaciones-argentina-global-y-konrad-adenauer\/\" class=\"tpg-post-link\" target=\"_self\">WORKSHOP TO PROMOTE A NATIONAL MARITIME STRATEGY ORGANIZED IN MAR DEL PLATA FOR THE FOUNDATIONS ARGENTINA GLOBAL AND KONRAD ADENAUER<\/a><\/h3><\/div>\r\n\t\t\t\t\t\t\t<div class=\"post-meta-tags rt-el-post-meta\">\r\n\t\t\t\t\t            <span class='categories-links'>\r\n\t\t\t\t<i class='flaticon-folder'><\/i><a class=\"destacados\" href=\"https:\/\/argentinaglobal.org.ar\/eng\/category\/destacados\/\">Featured<\/a>\r\n\t\t\t<\/span>\r\n\t\t\t<span class='separator'>\/\/<\/span>\t\t\t\t<\/div>\r\n\t\t\t\r\n\t\t\t\r\n\t\t\t        <div class=\"post-footer\">\r\n            <div class=\"post-footer\">\r\n                <div class=\"read-more\">\r\n\t\t\t\t\t<a data-id=\"2926\" href=\"https:\/\/argentinaglobal.org.ar\/eng\/taller-para-impulsar-una-estrategia-maritima-nacional-organizado-en-mar-del-plata-por-las-fundaciones-argentina-global-y-konrad-adenauer\/\" class=\"tpg-post-link\" target=\"_self\">Read More<\/a>                <\/div>\r\n            <\/div>\r\n        <\/div>\r\n\t\t\t\t<\/div>\r\n\t<\/div>\r\n<\/div>\r\n\r\n<div class=\"rt-col-md-6 rt-col-sm-6 rt-col-xs-12 img_zoom_in rt-grid-item\" data-id=\"2922\">\r\n\t<div class=\"rt-holder tpg-post-holder\">\r\n\t\t<div class=\"rt-detail rt-el-content-wrapper\">\r\n\t\t\t\t\t\t\t<div class=\"rt-img-holder tpg-el-image-wrap has-thumbnail\">\r\n\t\t\t\t\t<a data-id=\"2922\" href=\"https:\/\/argentinaglobal.org.ar\/eng\/el-sector-agricola-y-el-sector-energetico-reflexionan-sobre-el-cambio-climatico\/\" class=\"tpg-post-link\" target=\"_self\">                        <img decoding=\"async\" src=\"https:\/\/argentinaglobal.org.ar\/wp-content\/uploads\/2023\/01\/DESTACADO-1-1-800x400.jpg\"\r\n                             class=\"rt-img-responsive\"\r\n                             width=\"800\"\r\n                             height=\"400\"\r\n                             alt=\"EL SECTOR AGR\u00cdCOLA Y EL SECTOR ENERG\u00c9TICO REFLEXIONAN SOBRE EL CAMBIO CLIM\u00c1TICO\">\r\n\t\t\t\t\t\t\r\n\t\t\t\t\t\t\t\r\n\t\t<\/a>\r\n\t\t        <div class=\"overlay grid-hover-content\"><\/div>\r\n\t\t\t\t\t\t<\/div>\r\n\t\t\t\r\n\t\t\t<div class=\"entry-title-wrapper\">        <div class=\"tpg-separate-category style1 top_left cat-above-title\">\r\n\t\t\t<span class='categories-links'>\r\n\t\t\t\t\t\t<a class=\"destacados\" href=\"https:\/\/argentinaglobal.org.ar\/eng\/category\/destacados\/\">Featured<\/a>\t\t\t<\/span>\r\n        <\/div>\r\n\t\t<h3 class=\"entry-title\"><a data-id=\"2922\" href=\"https:\/\/argentinaglobal.org.ar\/eng\/el-sector-agricola-y-el-sector-energetico-reflexionan-sobre-el-cambio-climatico\/\" class=\"tpg-post-link\" target=\"_self\">THE AGRICULTURAL SECTOR AND THE ENERGY SECTOR TO REFLECT ON CLIMATE CHANGE<\/a><\/h3><\/div>\r\n\t\t\t\t\t\t\t<div class=\"post-meta-tags rt-el-post-meta\">\r\n\t\t\t\t\t            <span class='categories-links'>\r\n\t\t\t\t<i class='flaticon-folder'><\/i><a class=\"destacados\" href=\"https:\/\/argentinaglobal.org.ar\/eng\/category\/destacados\/\">Featured<\/a>\r\n\t\t\t<\/span>\r\n\t\t\t<span class='separator'>\/\/<\/span>\t\t\t\t<\/div>\r\n\t\t\t\r\n\t\t\t\r\n\t\t\t        <div class=\"post-footer\">\r\n            <div class=\"post-footer\">\r\n                <div class=\"read-more\">\r\n\t\t\t\t\t<a data-id=\"2922\" href=\"https:\/\/argentinaglobal.org.ar\/eng\/el-sector-agricola-y-el-sector-energetico-reflexionan-sobre-el-cambio-climatico\/\" class=\"tpg-post-link\" target=\"_self\">Read More<\/a>                <\/div>\r\n            <\/div>\r\n        <\/div>\r\n\t\t\t\t<\/div>\r\n\t<\/div>\r\n<\/div>\r\n\r\n<div class=\"rt-col-md-6 rt-col-sm-6 rt-col-xs-12 img_zoom_in rt-grid-item\" data-id=\"1706\">\r\n\t<div class=\"rt-holder tpg-post-holder\">\r\n\t\t<div class=\"rt-detail rt-el-content-wrapper\">\r\n\t\t\t\t\t\t\t<div class=\"rt-img-holder tpg-el-image-wrap has-thumbnail\">\r\n\t\t\t\t\t<a data-id=\"1706\" href=\"https:\/\/argentinaglobal.org.ar\/eng\/la-fundacion-argentina-global-participo-en-viena-de-la-convencion-sobre-proteccion-fisica-de-los-materiales-nucleares%ef%bf%bc\/\" class=\"tpg-post-link\" target=\"_self\">                        <img loading=\"lazy\" decoding=\"async\" src=\"https:\/\/argentinaglobal.org.ar\/wp-content\/uploads\/2022\/07\/Foto-portada-destacados-1-800x400.jpg\"\r\n                             class=\"rt-img-responsive\"\r\n                             width=\"800\"\r\n                             height=\"400\"\r\n                             alt=\"LA FUNDACI\u00d3N ARGENTINA GLOBAL PARTICIP\u00d3 EN VIENA DE LA CONVENCI\u00d3N SOBRE PROTECCI\u00d3N F\u00cdSICA DE LOS MATERIALES NUCLEARES\">\r\n\t\t\t\t\t\t\r\n\t\t\t\t\t\t\t\r\n\t\t<\/a>\r\n\t\t        <div class=\"overlay grid-hover-content\"><\/div>\r\n\t\t\t\t\t\t<\/div>\r\n\t\t\t\r\n\t\t\t<div class=\"entry-title-wrapper\">        <div class=\"tpg-separate-category style1 top_left cat-above-title\">\r\n\t\t\t<span class='categories-links'>\r\n\t\t\t\t\t\t<a class=\"destacados\" href=\"https:\/\/argentinaglobal.org.ar\/eng\/category\/destacados\/\">Featured<\/a>\t\t\t<\/span>\r\n        <\/div>\r\n\t\t<h3 class=\"entry-title\"><a data-id=\"1706\" href=\"https:\/\/argentinaglobal.org.ar\/eng\/la-fundacion-argentina-global-participo-en-viena-de-la-convencion-sobre-proteccion-fisica-de-los-materiales-nucleares%ef%bf%bc\/\" class=\"tpg-post-link\" target=\"_self\">THE ARGENTINEAN FOUNDATION GLOBAL PARTICIPATED IN THE VIENNA CONVENTION ON PHYSICAL PROTECTION OF NUCLEAR MATERIAL<\/a><\/h3><\/div>\r\n\t\t\t\t\t\t\t<div class=\"post-meta-tags rt-el-post-meta\">\r\n\t\t\t\t\t            <span class='categories-links'>\r\n\t\t\t\t<i class='flaticon-folder'><\/i><a class=\"destacados\" href=\"https:\/\/argentinaglobal.org.ar\/eng\/category\/destacados\/\">Featured<\/a>\r\n\t\t\t<\/span>\r\n\t\t\t<span class='separator'>\/\/<\/span>\t\t\t\t<\/div>\r\n\t\t\t\r\n\t\t\t\r\n\t\t\t        <div class=\"post-footer\">\r\n            <div class=\"post-footer\">\r\n                <div class=\"read-more\">\r\n\t\t\t\t\t<a data-id=\"1706\" href=\"https:\/\/argentinaglobal.org.ar\/eng\/la-fundacion-argentina-global-participo-en-viena-de-la-convencion-sobre-proteccion-fisica-de-los-materiales-nucleares%ef%bf%bc\/\" class=\"tpg-post-link\" target=\"_self\">Read More<\/a>                <\/div>\r\n            <\/div>\r\n        <\/div>\r\n\t\t\t\t<\/div>\r\n\t<\/div>\r\n<\/div>\r\n            <\/div>\r\n\t\t\t<div class='rt-pagination-wrap' data-total-pages='23' data-posts-per-page='4' data-type='pagination'><div class=\"rt-pagination\"><ul class=\"pagination-list\"><li class=\"active\"><span>1<\/span><\/li><li><a data-paged='2' href='https:\/\/argentinaglobal.org.ar\/eng\/wp-json\/wp\/v2\/pages\/1344\/page\/2\/'>2<\/a><\/li><li><a data-paged='3' href='https:\/\/argentinaglobal.org.ar\/eng\/wp-json\/wp\/v2\/pages\/1344\/page\/3\/'>3<\/a><\/li><li><a data-paged='4' href='https:\/\/argentinaglobal.org.ar\/eng\/wp-json\/wp\/v2\/pages\/1344\/page\/4\/'>4<\/a><\/li><li><a data-paged='5' href='https:\/\/argentinaglobal.org.ar\/eng\/wp-json\/wp\/v2\/pages\/1344\/page\/5\/'>5<\/a><\/li><li><a data-paged='2' href=\"https:\/\/argentinaglobal.org.ar\/eng\/wp-json\/wp\/v2\/pages\/1344\/page\/2\/\" aria-label='Next'>&rsaquo;<\/a><\/li><li><a data-paged='23' href='https:\/\/argentinaglobal.org.ar\/eng\/wp-json\/wp\/v2\/pages\/1344\/page\/23\/' aria-label='Last'>&raquo;<\/a><\/li><\/ul><\/div><\/div>\r\n        <\/div>\r\n\t\t\t\t<\/div>\n\t\t\t\t<\/div>\n\t\t\t\t\t<\/div>\n\t\t<\/div>\n\t\t\t\t\t\t\t<\/div>\n\t\t<\/section>\n\t\t\t\t\t\t\t<\/div>","protected":false},"excerpt":{"rendered":"<p>Destacados LA FUNDACI\u00d3N ARGENTINA GLOBAL FIRM\u00d3 UN CONVENIO CON EL CENTRO DE ESTUDIOS EN DEFENSA Y SEGURIDAD DE LA REP\u00daBLICA ARGENTINA Destacados \/\/ Destacados EL OBSERVATORIO DE ASUNTOS ESTRAT\u00c9GICOS DE [&hellip;]<\/p>","protected":false},"author":3,"featured_media":0,"parent":0,"menu_order":0,"comment_status":"closed","ping_status":"closed","template":"","meta":{"footnotes":""},"class_list":["post-1344","page","type-page","status-publish","hentry"],"yoast_head":"<!-- This site is optimized with the Yoast SEO plugin v21.6 - https:\/\/yoast.com\/wordpress\/plugins\/seo\/ -->\n<title>Contenidos - Argentina Global<\/title>\n<meta name=\"description\" content=\"Encentra todos los contenidos de todas las categor\u00edas correspondientes de Argentina Global. Destacados, Argentina Global, Observatorio.\" \/>\n<meta name=\"robots\" content=\"index, follow, max-snippet:-1, max-image-preview:large, max-video-preview:-1\" \/>\n<link rel=\"canonical\" href=\"https:\/\/argentinaglobal.org.ar\/eng\/contenidos\/\" \/>\n<meta property=\"og:locale\" content=\"en_US\" \/>\n<meta property=\"og:type\" content=\"article\" \/>\n<meta property=\"og:title\" content=\"Contenidos - Argentina Global\" \/>\n<meta property=\"og:description\" content=\"Encentra todos los contenidos de todas las categor\u00edas correspondientes de Argentina Global. Destacados, Argentina Global, Observatorio.\" \/>\n<meta property=\"og:url\" content=\"https:\/\/argentinaglobal.org.ar\/eng\/contenidos\/\" \/>\n<meta property=\"og:site_name\" content=\"Argentina Global\" \/>\n<meta property=\"article:modified_time\" content=\"2023-01-19T23:35:38+00:00\" \/>\n<meta property=\"og:image\" content=\"http:\/\/argentinaglobal.org.ar\/wp-content\/uploads\/2022\/07\/Foto-portada-destacados-2-800x400.jpg\" \/>\n<meta name=\"twitter:card\" content=\"summary_large_image\" \/>\n<meta name=\"twitter:label1\" content=\"Est. reading time\" \/>\n\t<meta name=\"twitter:data1\" content=\"2 minutes\" \/>\n<script type=\"application\/ld+json\" class=\"yoast-schema-graph\">{\"@context\":\"https:\/\/schema.org\",\"@graph\":[{\"@type\":\"WebPage\",\"@id\":\"https:\/\/argentinaglobal.org.ar\/contenidos\/\",\"url\":\"https:\/\/argentinaglobal.org.ar\/contenidos\/\",\"name\":\"Contenidos - Argentina Global\",\"isPartOf\":{\"@id\":\"https:\/\/argentinaglobal.org.ar\/#website\"},\"datePublished\":\"2022-06-21T19:04:32+00:00\",\"dateModified\":\"2023-01-19T23:35:38+00:00\",\"description\":\"Encentra todos los contenidos de todas las categor\u00edas correspondientes de Argentina Global. Destacados, Argentina Global, Observatorio.\",\"breadcrumb\":{\"@id\":\"https:\/\/argentinaglobal.org.ar\/contenidos\/#breadcrumb\"},\"inLanguage\":\"en-US\",\"potentialAction\":[{\"@type\":\"ReadAction\",\"target\":[\"https:\/\/argentinaglobal.org.ar\/contenidos\/\"]}]},{\"@type\":\"BreadcrumbList\",\"@id\":\"https:\/\/argentinaglobal.org.ar\/contenidos\/#breadcrumb\",\"itemListElement\":[{\"@type\":\"ListItem\",\"position\":1,\"name\":\"Inicio\",\"item\":\"https:\/\/argentinaglobal.org.ar\/\"},{\"@type\":\"ListItem\",\"position\":2,\"name\":\"Contenidos\"}]},{\"@type\":\"WebSite\",\"@id\":\"https:\/\/argentinaglobal.org.ar\/#website\",\"url\":\"https:\/\/argentinaglobal.org.ar\/\",\"name\":\"Argentina Global\",\"description\":\"\",\"potentialAction\":[{\"@type\":\"SearchAction\",\"target\":{\"@type\":\"EntryPoint\",\"urlTemplate\":\"https:\/\/argentinaglobal.org.ar\/?s={search_term_string}\"},\"query-input\":\"required name=search_term_string\"}],\"inLanguage\":\"en-US\"}]}<\/script>\n<!-- \/ Yoast SEO plugin. -->","yoast_head_json":{"title":"Contenidos - Argentina Global","description":"Encentra todos los contenidos de todas las categor\u00edas correspondientes de Argentina Global. Destacados, Argentina Global, Observatorio.","robots":{"index":"index","follow":"follow","max-snippet":"max-snippet:-1","max-image-preview":"max-image-preview:large","max-video-preview":"max-video-preview:-1"},"canonical":"https:\/\/argentinaglobal.org.ar\/eng\/contenidos\/","og_locale":"en_US","og_type":"article","og_title":"Contenidos - Argentina Global","og_description":"Encentra todos los contenidos de todas las categor\u00edas correspondientes de Argentina Global. Destacados, Argentina Global, Observatorio.","og_url":"https:\/\/argentinaglobal.org.ar\/eng\/contenidos\/","og_site_name":"Argentina Global","article_modified_time":"2023-01-19T23:35:38+00:00","og_image":[{"url":"http:\/\/argentinaglobal.org.ar\/wp-content\/uploads\/2022\/07\/Foto-portada-destacados-2-800x400.jpg"}],"twitter_card":"summary_large_image","twitter_misc":{"Est. reading time":"2 minutes"},"schema":{"@context":"https:\/\/schema.org","@graph":[{"@type":"WebPage","@id":"https:\/\/argentinaglobal.org.ar\/contenidos\/","url":"https:\/\/argentinaglobal.org.ar\/contenidos\/","name":"Contenidos - Argentina Global","isPartOf":{"@id":"https:\/\/argentinaglobal.org.ar\/#website"},"datePublished":"2022-06-21T19:04:32+00:00","dateModified":"2023-01-19T23:35:38+00:00","description":"Encentra todos los contenidos de todas las categor\u00edas correspondientes de Argentina Global. Destacados, Argentina Global, Observatorio.","breadcrumb":{"@id":"https:\/\/argentinaglobal.org.ar\/contenidos\/#breadcrumb"},"inLanguage":"en-US","potentialAction":[{"@type":"ReadAction","target":["https:\/\/argentinaglobal.org.ar\/contenidos\/"]}]},{"@type":"BreadcrumbList","@id":"https:\/\/argentinaglobal.org.ar\/contenidos\/#breadcrumb","itemListElement":[{"@type":"ListItem","position":1,"name":"Inicio","item":"https:\/\/argentinaglobal.org.ar\/"},{"@type":"ListItem","position":2,"name":"Contenidos"}]},{"@type":"WebSite","@id":"https:\/\/argentinaglobal.org.ar\/#website","url":"https:\/\/argentinaglobal.org.ar\/","name":"Argentina Global","description":"","potentialAction":[{"@type":"SearchAction","target":{"@type":"EntryPoint","urlTemplate":"https:\/\/argentinaglobal.org.ar\/?s={search_term_string}"},"query-input":"required name=search_term_string"}],"inLanguage":"en-US"}]}},"rttpg_featured_image_url":null,"rttpg_author":{"display_name":"dante","author_link":"https:\/\/argentinaglobal.org.ar\/eng\/author\/dante\/"},"rttpg_comment":0,"rttpg_category":"","rttpg_excerpt":"Destacados LA FUNDACI\u00d3N ARGENTINA GLOBAL FIRM\u00d3 UN CONVENIO CON EL CENTRO DE ESTUDIOS EN DEFENSA Y SEGURIDAD DE LA REP\u00daBLICA ARGENTINA Destacados \/\/ Destacados EL OBSERVATORIO DE ASUNTOS ESTRAT\u00c9GICOS DE [&hellip;]","_links":{"self":[{"href":"https:\/\/argentinaglobal.org.ar\/eng\/wp-json\/wp\/v2\/pages\/1344","targetHints":{"allow":["GET"]}}],"collection":[{"href":"https:\/\/argentinaglobal.org.ar\/eng\/wp-json\/wp\/v2\/pages"}],"about":[{"href":"https:\/\/argentinaglobal.org.ar\/eng\/wp-json\/wp\/v2\/types\/page"}],"author":[{"embeddable":true,"href":"https:\/\/argentinaglobal.org.ar\/eng\/wp-json\/wp\/v2\/users\/3"}],"replies":[{"embeddable":true,"href":"https:\/\/argentinaglobal.org.ar\/eng\/wp-json\/wp\/v2\/comments?post=1344"}],"version-history":[{"count":38,"href":"https:\/\/argentinaglobal.org.ar\/eng\/wp-json\/wp\/v2\/pages\/1344\/revisions"}],"predecessor-version":[{"id":2766,"href":"https:\/\/argentinaglobal.org.ar\/eng\/wp-json\/wp\/v2\/pages\/1344\/revisions\/2766"}],"wp:attachment":[{"href":"https:\/\/argentinaglobal.org.ar\/eng\/wp-json\/wp\/v2\/media?parent=1344"}],"curies":[{"name":"wp","href":"https:\/\/api.w.org\/{rel}","templated":true}]}}